{"id":10595,"date":"2025-08-27T01:46:14","date_gmt":"2025-08-27T04:46:14","guid":{"rendered":"https:\/\/luizpaivaconsultoria.com.br\/?page_id=10595"},"modified":"2025-09-08T14:33:36","modified_gmt":"2025-09-08T17:33:36","slug":"00-carta-de-recomendacao-da-ucam","status":"publish","type":"page","link":"https:\/\/luizpaivaconsultoria.com.br\/beta\/00-carta-de-recomendacao-da-ucam\/","title":{"rendered":"15.2.1 CARTA DE RECOMENDA\u00c7\u00c3O DA UCAM"},"content":{"rendered":"\t\t<div data-elementor-type=\"wp-page\" data-elementor-id=\"10595\" class=\"elementor elementor-10595\" data-elementor-post-type=\"page\">\n\t\t\t\t<div class=\"elementor-element elementor-element-a8a536c e-flex e-con-boxed e-con e-parent\" data-id=\"a8a536c\" data-element_type=\"container\" data-e-type=\"container\">\n\t\t\t\t\t<div class=\"e-con-inner\">\n\t\t\t\t<div class=\"elementor-element elementor-element-baa3b6a elementor-widget elementor-widget-html\" data-id=\"baa3b6a\" data-element_type=\"widget\" data-e-type=\"widget\" data-widget_type=\"html.default\">\n\t\t\t\t<div class=\"elementor-widget-container\">\n\t\t\t\t\t<div style=\"height:0; overflow:hidden;\">\r\n  <style>\r\n    * {\r\n      background-image: none !important;\r\n    }\r\n    body {\r\n      background-image: none !important;\r\n      background-color: #ffffff !important;\r\n    }\r\n  <\/style>\r\n<\/div>\t\t\t\t<\/div>\n\t\t\t\t<\/div>\n\t\t\t\t\t<\/div>\n\t\t\t\t<\/div>\n\t\t<div class=\"elementor-element elementor-element-1d022d7 e-flex e-con-boxed e-con e-parent\" data-id=\"1d022d7\" data-element_type=\"container\" data-e-type=\"container\">\n\t\t\t\t\t<div class=\"e-con-inner\">\n\t\t\t\t<div class=\"elementor-element elementor-element-f2a2ab8 elementor-align-center elementor-widget elementor-widget-embedpress_pdf\" data-id=\"f2a2ab8\" data-element_type=\"widget\" data-e-type=\"widget\" data-widget_type=\"embedpress_pdf.default\">\n\t\t\t\t<div class=\"elementor-widget-container\">\n\t\t\t\t\t    <div class=\"embedpress-document-embed ep-doc-9dafd81830f79d22d580e34410eb90c0 ose-document emebedpress-unit-percent \" data-thememode=\"default\" data-customcolor=\"\" data-toolbar=\"yes\" data-toolbar-position=\"top\" data-open=\"no\" data-presentation-mode=\"yes\" data-download=\"yes\" data-copy=\"yes\" data-add-image=\"yes\" data-rotate=\"yes\" data-details=\"yes\" data-id=\"embedpress-pdf-f2a2ab8\" data-selection-tool=\"0\" data-scrolling=\"0\" data-spreads=\"-1\" style=\" max-width:100%; display: inline-block\">\n        \n        \n                <div >\n                \n                    <div id=\"ep-elementor-content-f2a2ab8\" class=\"ep-elementor-content   ep-percentage-width   ep-content-protection-disabled\">\n                        <div id=\"f2a2ab8\" class=\"ep-embed-content-wraper\">\n                            <div><iframe title=\"CARTA DE RECONHECIMENTO E RECOMENDA\u00c7\u00c3O DA UNIVERSIDADE C\u00c2NDIDO MENDES &#8211; Copia\" class=\"embedpress-embed-document-pdf embedpress-pdf-f2a2ab8\" style=\"width: 600%!important;height: 1157px;; max-width:100%; display: inline-block\" src=\"https:\/\/luizpaivaconsultoria.com.br\/beta\/wp-admin\/admin-ajax.php?action=get_viewer&#038;file=https%3A%2F%2Fluizpaivaconsultoria.com.br%2Fbeta%2Fwp-content%2Fuploads%2F2025%2F08%2FCARTA-DE-RECONHECIMENTO-E-RECOMENDACAO-DA-UNIVERSIDADE-CANDIDO-MENDES-Copia-5.pdf&#038;scrolling=0&#038;selection_tool=0&#038;spreads=-1#key=dGhlbWVNb2RlPWRlZmF1bHQmdG9vbGJhcj10cnVlJnBvc2l0aW9uPXRvcCZwcmVzZW50YXRpb249dHJ1ZSZsYXp5TG9hZD1mYWxzZSZkb3dubG9hZD10cnVlJmNvcHlfdGV4dD10cnVlJmFkZF90ZXh0PXRydWUmZHJhdz10cnVlJmFkZF9pbWFnZT10cnVlJnBkZl9yb3RhdGlvbj10cnVlJnBkZl9kZXRhaWxzPXRydWUmem9vbV9pbj10cnVlJnpvb21fb3V0PXRydWUmZml0X3ZpZXc9dHJ1ZSZib29rbWFyaz10cnVlJnNvdW5kPXRydWUmZmxpcGJvb2tfdG9vbGJhcl9wb3NpdGlvbj1ib3R0b20mc2VsZWN0aW9uX3Rvb2w9MCZzY3JvbGxpbmc9MCZzcHJlYWRzPS0xJmlzX3Byb19hY3RpdmU9MA==&#038;zoom=100\" class=\"embedpress-embed-document-pdf embedpress-pdf-f2a2ab8\" data-emid=\"embedpress-pdf-f2a2ab8\" frameborder=\"0\"><\/iframe><\/div>                        <\/div> \n\n                    <\/div>\n        \n\n                   \n                <\/div>\n            \n    <\/div>\n\n\t\t\t\t<\/div>\n\t\t\t\t<\/div>\n\t\t<div class=\"elementor-element elementor-element-9c83049 e-flex e-con-boxed e-con e-child\" data-id=\"9c83049\" data-element_type=\"container\" data-e-type=\"container\">\n\t\t\t\t\t<div class=\"e-con-inner\">\n\t\t\t\t<div class=\"elementor-element elementor-element-63e9bdd elementor-widget elementor-widget-html\" data-id=\"63e9bdd\" data-element_type=\"widget\" data-e-type=\"widget\" data-widget_type=\"html.default\">\n\t\t\t\t<div class=\"elementor-widget-container\">\n\t\t\t\t\t<!-- TEMPLATE 2 \u2014 Faixa de link (Voltar) \u2013 p\u00e1gina em tela cheia -->\r\n<div class=\"lp-linkband--model\">\r\n  <style>\r\n    .lp-linkband--model{\r\n      --w:1140px; --py:22px; --px:12px;\r\n      --band:#111827; --txt:#e5e7eb; --accent:#22d3ee;\r\n      max-width:var(--w); margin:0 auto;\r\n    }\r\n    .lp-linkband--model.is-flush .lp-inner{ padding-top:0; padding-bottom:0; }\r\n    .lp-linkband--model .lp-inner{\r\n      background:var(--band);\r\n      padding:var(--py) var(--px);\r\n      display:flex; justify-content:center; align-items:center; text-align:center;\r\n    }\r\n    .lp-linkband--model .lp-link{\r\n      color:var(--txt); text-decoration:none;\r\n      font:600 .95rem\/1.1 \"Segoe UI\", Arial, Helvetica, sans-serif;\r\n      letter-spacing:.12rem; text-transform:uppercase;\r\n      position:relative; display:inline-block;\r\n      padding-bottom:6px; transition:color .15s ease;\r\n    }\r\n    .lp-linkband--model .lp-link::after{\r\n      content:\"\"; position:absolute; left:0; right:0; bottom:0; height:2px;\r\n      background:transparent; transition:background .15s ease;\r\n    }\r\n    .lp-linkband--model .lp-link:hover{ color:#fff; }\r\n    .lp-linkband--model .lp-link:hover::after{ background:var(--accent); }\r\n    @media (max-width:767px){\r\n      .lp-linkband--model .lp-inner{ padding:calc(var(--py)*.85) var(--px); }\r\n      .lp-linkband--model .lp-link{ font-size:.88rem; letter-spacing:.10rem; }\r\n    }\r\n  <\/style>\r\n\r\n  <div class=\"lp-inner\">\r\n    <!-- history.back() para voltar exatamente; fallback com \u00e2ncora -->\r\n    <!-- >>> EDITAR O DESTINO DO FALLBACK AQUI (permalink da UCAM + #ponto-carta) <<< -->\r\n    <a class=\"lp-link\"\r\n       href=\"https:\/\/luizpaivaconsultoria.com.br\/beta\/80-pagina-da-ucam-para-publicacao-antecipada-apresentacao-8b7f2\/#ponto-carta\"\r\n       onclick=\"if(history.length>1){history.back();return false;}\">\r\n      VOLTAR PARA A P\u00c1GINA ANTERIOR\r\n    <\/a>\r\n  <\/div>\r\n<\/div>\t\t\t\t<\/div>\n\t\t\t\t<\/div>\n\t\t\t\t\t<\/div>\n\t\t\t\t<\/div>\n\t\t\t\t\t<\/div>\n\t\t\t\t<\/div>\n\t\t\t\t<\/div>\n\t\t\n    <div class=\"xs_social_share_widget xs_share_url after_content \t\tmain_content  wslu-style-1 wslu-share-box-shaped wslu-fill-colored wslu-none wslu-share-horizontal wslu-theme-font-no wslu-main_content\">\n\n\t\t\n        <ul>\n\t\t\t        <\/ul>\n    <\/div> \n","protected":false},"excerpt":{"rendered":"","protected":false},"author":3,"featured_media":0,"parent":0,"menu_order":0,"comment_status":"closed","ping_status":"closed","template":"elementor_canvas","meta":{"_monsterinsights_skip_tracking":false,"_monsterinsights_sitenote_active":false,"_monsterinsights_sitenote_note":"","_monsterinsights_sitenote_category":0,"_joinchat":[],"footnotes":""},"class_list":["post-10595","page","type-page","status-publish","hentry"],"yoast_head":"<!-- This site is optimized with the Yoast SEO plugin v27.5 - https:\/\/yoast.com\/product\/yoast-seo-wordpress\/ -->\n<title>15.2.1 CARTA DE RECOMENDA\u00c7\u00c3O DA UCAM - Luiz Paiva Consultoria<\/title>\n<meta name=\"robots\" content=\"noindex, follow, max-snippet:-1, max-image-preview:large, max-video-preview:-1\" \/>\n<meta property=\"og:locale\" content=\"pt_BR\" \/>\n<meta property=\"og:type\" content=\"article\" \/>\n<meta property=\"og:title\" content=\"15.2.1 CARTA DE RECOMENDA\u00c7\u00c3O DA UCAM - Luiz Paiva Consultoria\" \/>\n<meta property=\"og:url\" content=\"https:\/\/luizpaivaconsultoria.com.br\/beta\/00-carta-de-recomendacao-da-ucam\/\" \/>\n<meta property=\"og:site_name\" content=\"Luiz Paiva Consultoria\" \/>\n<meta property=\"article:publisher\" content=\"https:\/\/www.facebook.com\/luizfernando.paiva.923\" \/>\n<meta property=\"article:modified_time\" content=\"2025-09-08T17:33:36+00:00\" \/>\n<meta name=\"twitter:card\" content=\"summary_large_image\" \/>\n<meta name=\"twitter:label1\" content=\"Est. tempo de leitura\" \/>\n\t<meta name=\"twitter:data1\" content=\"1 minuto\" \/>\n<script type=\"application\/ld+json\" class=\"yoast-schema-graph\">{\"@context\":\"https:\\\/\\\/schema.org\",\"@graph\":[{\"@type\":\"WebPage\",\"@id\":\"https:\\\/\\\/luizpaivaconsultoria.com.br\\\/beta\\\/00-carta-de-recomendacao-da-ucam\\\/\",\"url\":\"https:\\\/\\\/luizpaivaconsultoria.com.br\\\/beta\\\/00-carta-de-recomendacao-da-ucam\\\/\",\"name\":\"15.2.1 CARTA DE RECOMENDA\u00c7\u00c3O DA UCAM - Luiz Paiva Consultoria\",\"isPartOf\":{\"@id\":\"https:\\\/\\\/luizpaivaconsultoria.com.br\\\/beta\\\/#website\"},\"datePublished\":\"2025-08-27T04:46:14+00:00\",\"dateModified\":\"2025-09-08T17:33:36+00:00\",\"breadcrumb\":{\"@id\":\"https:\\\/\\\/luizpaivaconsultoria.com.br\\\/beta\\\/00-carta-de-recomendacao-da-ucam\\\/#breadcrumb\"},\"inLanguage\":\"pt-BR\",\"potentialAction\":[{\"@type\":\"ReadAction\",\"target\":[\"https:\\\/\\\/luizpaivaconsultoria.com.br\\\/beta\\\/00-carta-de-recomendacao-da-ucam\\\/\"]}]},{\"@type\":\"BreadcrumbList\",\"@id\":\"https:\\\/\\\/luizpaivaconsultoria.com.br\\\/beta\\\/00-carta-de-recomendacao-da-ucam\\\/#breadcrumb\",\"itemListElement\":[{\"@type\":\"ListItem\",\"position\":1,\"name\":\"In\u00edcio\",\"item\":\"https:\\\/\\\/luizpaivaconsultoria.com.br\\\/beta\\\/\"},{\"@type\":\"ListItem\",\"position\":2,\"name\":\"15.2.1 CARTA DE RECOMENDA\u00c7\u00c3O DA UCAM\"}]},{\"@type\":\"WebSite\",\"@id\":\"https:\\\/\\\/luizpaivaconsultoria.com.br\\\/beta\\\/#website\",\"url\":\"https:\\\/\\\/luizpaivaconsultoria.com.br\\\/beta\\\/\",\"name\":\"Luiz F Paiva Consultoria\",\"description\":\"Consultoria de Gest\u00e3o e de Governan\u00e7a Corporativa, Recupera\u00e7\u00e3o Acelerada (Turnaround), Interim Mangement e Educa\u00e7\u00e3o Corporativa Avan\u00e7ada\",\"publisher\":{\"@id\":\"https:\\\/\\\/luizpaivaconsultoria.com.br\\\/beta\\\/#organization\"},\"potentialAction\":[{\"@type\":\"SearchAction\",\"target\":{\"@type\":\"EntryPoint\",\"urlTemplate\":\"https:\\\/\\\/luizpaivaconsultoria.com.br\\\/beta\\\/?s={search_term_string}\"},\"query-input\":{\"@type\":\"PropertyValueSpecification\",\"valueRequired\":true,\"valueName\":\"search_term_string\"}}],\"inLanguage\":\"pt-BR\"},{\"@type\":\"Organization\",\"@id\":\"https:\\\/\\\/luizpaivaconsultoria.com.br\\\/beta\\\/#organization\",\"name\":\"Luiz F Paiva Consultoria\",\"url\":\"https:\\\/\\\/luizpaivaconsultoria.com.br\\\/beta\\\/\",\"logo\":{\"@type\":\"ImageObject\",\"inLanguage\":\"pt-BR\",\"@id\":\"https:\\\/\\\/luizpaivaconsultoria.com.br\\\/beta\\\/#\\\/schema\\\/logo\\\/image\\\/\",\"url\":\"https:\\\/\\\/luizpaivaconsultoria.com.br\\\/beta\\\/wp-content\\\/uploads\\\/2025\\\/03\\\/LOGO-LUIZPAIVACONSULTORIA.avif\",\"contentUrl\":\"https:\\\/\\\/luizpaivaconsultoria.com.br\\\/beta\\\/wp-content\\\/uploads\\\/2025\\\/03\\\/LOGO-LUIZPAIVACONSULTORIA.avif\",\"width\":1363,\"height\":642,\"caption\":\"Luiz F Paiva Consultoria\"},\"image\":{\"@id\":\"https:\\\/\\\/luizpaivaconsultoria.com.br\\\/beta\\\/#\\\/schema\\\/logo\\\/image\\\/\"},\"sameAs\":[\"https:\\\/\\\/www.facebook.com\\\/luizfernando.paiva.923\"]}]}<\/script>\n<!-- \/ Yoast SEO plugin. -->","yoast_head_json":{"title":"15.2.1 CARTA DE RECOMENDA\u00c7\u00c3O DA UCAM - Luiz Paiva Consultoria","robots":{"index":"noindex","follow":"follow","max-snippet":"max-snippet:-1","max-image-preview":"max-image-preview:large","max-video-preview":"max-video-preview:-1"},"og_locale":"pt_BR","og_type":"article","og_title":"15.2.1 CARTA DE RECOMENDA\u00c7\u00c3O DA UCAM - Luiz Paiva Consultoria","og_url":"https:\/\/luizpaivaconsultoria.com.br\/beta\/00-carta-de-recomendacao-da-ucam\/","og_site_name":"Luiz Paiva Consultoria","article_publisher":"https:\/\/www.facebook.com\/luizfernando.paiva.923","article_modified_time":"2025-09-08T17:33:36+00:00","twitter_card":"summary_large_image","twitter_misc":{"Est. tempo de leitura":"1 minuto"},"schema":{"@context":"https:\/\/schema.org","@graph":[{"@type":"WebPage","@id":"https:\/\/luizpaivaconsultoria.com.br\/beta\/00-carta-de-recomendacao-da-ucam\/","url":"https:\/\/luizpaivaconsultoria.com.br\/beta\/00-carta-de-recomendacao-da-ucam\/","name":"15.2.1 CARTA DE RECOMENDA\u00c7\u00c3O DA UCAM - Luiz Paiva Consultoria","isPartOf":{"@id":"https:\/\/luizpaivaconsultoria.com.br\/beta\/#website"},"datePublished":"2025-08-27T04:46:14+00:00","dateModified":"2025-09-08T17:33:36+00:00","breadcrumb":{"@id":"https:\/\/luizpaivaconsultoria.com.br\/beta\/00-carta-de-recomendacao-da-ucam\/#breadcrumb"},"inLanguage":"pt-BR","potentialAction":[{"@type":"ReadAction","target":["https:\/\/luizpaivaconsultoria.com.br\/beta\/00-carta-de-recomendacao-da-ucam\/"]}]},{"@type":"BreadcrumbList","@id":"https:\/\/luizpaivaconsultoria.com.br\/beta\/00-carta-de-recomendacao-da-ucam\/#breadcrumb","itemListElement":[{"@type":"ListItem","position":1,"name":"In\u00edcio","item":"https:\/\/luizpaivaconsultoria.com.br\/beta\/"},{"@type":"ListItem","position":2,"name":"15.2.1 CARTA DE RECOMENDA\u00c7\u00c3O DA UCAM"}]},{"@type":"WebSite","@id":"https:\/\/luizpaivaconsultoria.com.br\/beta\/#website","url":"https:\/\/luizpaivaconsultoria.com.br\/beta\/","name":"Luiz F Paiva Consultoria","description":"Consultoria de Gest\u00e3o e de Governan\u00e7a Corporativa, Recupera\u00e7\u00e3o Acelerada (Turnaround), Interim Mangement e Educa\u00e7\u00e3o Corporativa Avan\u00e7ada","publisher":{"@id":"https:\/\/luizpaivaconsultoria.com.br\/beta\/#organization"},"potentialAction":[{"@type":"SearchAction","target":{"@type":"EntryPoint","urlTemplate":"https:\/\/luizpaivaconsultoria.com.br\/beta\/?s={search_term_string}"},"query-input":{"@type":"PropertyValueSpecification","valueRequired":true,"valueName":"search_term_string"}}],"inLanguage":"pt-BR"},{"@type":"Organization","@id":"https:\/\/luizpaivaconsultoria.com.br\/beta\/#organization","name":"Luiz F Paiva Consultoria","url":"https:\/\/luizpaivaconsultoria.com.br\/beta\/","logo":{"@type":"ImageObject","inLanguage":"pt-BR","@id":"https:\/\/luizpaivaconsultoria.com.br\/beta\/#\/schema\/logo\/image\/","url":"https:\/\/luizpaivaconsultoria.com.br\/beta\/wp-content\/uploads\/2025\/03\/LOGO-LUIZPAIVACONSULTORIA.avif","contentUrl":"https:\/\/luizpaivaconsultoria.com.br\/beta\/wp-content\/uploads\/2025\/03\/LOGO-LUIZPAIVACONSULTORIA.avif","width":1363,"height":642,"caption":"Luiz F Paiva Consultoria"},"image":{"@id":"https:\/\/luizpaivaconsultoria.com.br\/beta\/#\/schema\/logo\/image\/"},"sameAs":["https:\/\/www.facebook.com\/luizfernando.paiva.923"]}]}},"_links":{"self":[{"href":"https:\/\/luizpaivaconsultoria.com.br\/beta\/wp-json\/wp\/v2\/pages\/10595","targetHints":{"allow":["GET"]}}],"collection":[{"href":"https:\/\/luizpaivaconsultoria.com.br\/beta\/wp-json\/wp\/v2\/pages"}],"about":[{"href":"https:\/\/luizpaivaconsultoria.com.br\/beta\/wp-json\/wp\/v2\/types\/page"}],"author":[{"embeddable":true,"href":"https:\/\/luizpaivaconsultoria.com.br\/beta\/wp-json\/wp\/v2\/users\/3"}],"replies":[{"embeddable":true,"href":"https:\/\/luizpaivaconsultoria.com.br\/beta\/wp-json\/wp\/v2\/comments?post=10595"}],"version-history":[{"count":8,"href":"https:\/\/luizpaivaconsultoria.com.br\/beta\/wp-json\/wp\/v2\/pages\/10595\/revisions"}],"predecessor-version":[{"id":11597,"href":"https:\/\/luizpaivaconsultoria.com.br\/beta\/wp-json\/wp\/v2\/pages\/10595\/revisions\/11597"}],"wp:attachment":[{"href":"https:\/\/luizpaivaconsultoria.com.br\/beta\/wp-json\/wp\/v2\/media?parent=10595"}],"curies":[{"name":"wp","href":"https:\/\/api.w.org\/{rel}","templated":true}]}}